{"id":28,"date":"2023-11-14T14:21:05","date_gmt":"2023-11-14T13:21:05","guid":{"rendered":"https:\/\/cisa-unige.ch\/soriano-cristina\/?page_id=28"},"modified":"2026-02-26T13:39:24","modified_gmt":"2026-02-26T13:39:24","slug":"publications","status":"publish","type":"page","link":"https:\/\/cristina-soriano.com\/index.php\/publications\/","title":{"rendered":"Publications"},"content":{"rendered":"\n<p><sup>(all types together, organized by year, all downloadable)<\/sup><\/p>\n\n\n\n<p>2026<\/p>\n\n\n\n<p>Soriano, C., Gillioz, C., Fontaine, J.R.J., &amp; Scherer, K.R. (2026). <a href=\"https:\/\/doi.org\/10.1016\/j.langsci.2026.101807\" data-type=\"link\" data-id=\"https:\/\/doi.org\/10.1017\/langcog.2024.50\" target=\"_blank\" rel=\"noreferrer noopener\">Emotion word meaning and grammatical class: Do nouns and adjectives mean the same?<\/a>. <em>Language Sciences<\/em>, 115, 101807. <a href=\"https:\/\/doi.org\/10.1016\/j.langsci.2026.101807\">https:\/\/doi.org\/10.1016\/j.langsci.2026.101807<\/a><\/p>\n\n\n\n<p>2025<\/p>\n\n\n\n<p>Soriano, C. &amp; Ogarkova, A. (2025). <a href=\"https:\/\/doi.org\/10.1017\/langcog.2024.50\" data-type=\"link\" data-id=\"https:\/\/doi.org\/10.1017\/langcog.2024.50\" target=\"_blank\" rel=\"noreferrer noopener\">The meaning of \u201cfrustration\u201d across languages<\/a>. <em>Language and Cognition<\/em>, 17, e16, 1-21. <a href=\"https:\/\/doi.org\/10.1017\/langcog.2024.50\">https:\/\/doi.org\/10.1017\/langcog.2024.50<\/a><\/p>\n\n\n\n<p>2022<\/p>\n\n\n\n<p>Ogarkova, A. &amp; Soriano, C. (2022). <a href=\"https:\/\/archive-ouverte.unige.ch\/unige:167072\" target=\"_blank\" rel=\"noreferrer noopener\">Anger from a language-based perspective<\/a>. In Gesine Lenore Schiewer, Jeanette Altarriba and Bee Chin Ng (eds.), <em>Language and Emotion. An International Handbook.&nbsp; <\/em>(Vol. 2, Ch. 52, pp. 1090-1108). Berlin, Boston: Mouton de Gruyter. DOI: <a href=\"https:\/\/doi.org\/10.1515\/9783110670851-020\" target=\"_blank\" rel=\"noreferrer noopener\">https:\/\/doi.org\/10.1515\/9783110670851-020<\/a><\/p>\n\n\n\n<p>Piata, A. &amp; Soriano, C. (2022). <a href=\"https:\/\/archive-ouverte.unige.ch\/unige:151677\" target=\"_blank\" rel=\"noreferrer noopener\">The affect bias in the metaphorical representation of anticipated events: The case of <em>approach<\/em><\/a>. <em>Metaphor and the Social World, 12 (1): 115 &#8211; 137. &nbsp;<\/em>DOI<strong>:<\/strong> <a href=\"https:\/\/doi.org\/10.1075\/msw.18034.pia\" target=\"_blank\" rel=\"noreferrer noopener\">https:\/\/doi.org\/10.1075\/msw.18034.pia<\/a><\/p>\n\n\n\n<p>Soriano, C. (2022). <a href=\"https:\/\/archive-ouverte.unige.ch\/unige:154372\" target=\"_blank\" rel=\"noreferrer noopener\">Affective meaning in language<\/a>. In&nbsp; Gesine Lenore Schiewer, Jeanette Altarriba and Bee Chin Ng (eds.), <em>Language and Emotion. An International Handbook <\/em>(Vol 1, Ch. 23, pp. 489-510).&nbsp; Berlin, Boston: Mouton de Gruyter. DOI: <a href=\"https:\/\/doi.org\/10.1515\/9783110347524-023\" target=\"_blank\" rel=\"noreferrer noopener\">https:\/\/doi.org\/10.1515\/9783110347524-023<\/a><\/p>\n\n\n\n<p>Soriano, C. &amp; Valenzuela, J (2022). <a href=\"https:\/\/archive-ouverte.unige.ch\/unige:163197\" target=\"_blank\" rel=\"noreferrer noopener\">The size of shame and pride<\/a>. Testing metonymy in the figurative representation of moral emotions. <em>Review of Cognitive Linguistics<\/em>, 20 (1): 210 &#8211; 230. DOI: <a href=\"https:\/\/doi.org\/10.1075\/rcl.00108.sor\" target=\"_blank\" rel=\"noreferrer noopener\">https:\/\/doi.org\/10.1075\/rcl.00108.sor<\/a>.<\/p>\n\n\n\n<p>2021<\/p>\n\n\n\n<p>Fontaine, J. R. J, Gillioz, C., Soriano, C. &amp; Scherer, K.R (2021).&nbsp; <a href=\"https:\/\/archive-ouverte.unige.ch\/unige:166130\" target=\"_blank\" rel=\"noreferrer noopener\">Linear and non-linear relationships among the dimensions representing the cognitive structure of emotion<\/a>. <em>Cognition and Emotion.&nbsp;<\/em><a href=\"https:\/\/doi.org\/10.1080\/02699931.2021.2013163\" data-type=\"link\" data-id=\"https:\/\/doi.org\/10.1080\/02699931.2021.2013163\" target=\"_blank\" rel=\"noreferrer noopener\">DOI: 10.1080\/02699931.2021.2013163<\/a><em>\u25ba\u25ba <\/em><a href=\"https:\/\/www.tandfonline.com\/eprint\/3XPIP6W3KRW68EM4PKJV\/full?target=10.1080\/02699931.2021.2013163\" data-type=\"link\" data-id=\"https:\/\/www.tandfonline.com\/eprint\/3XPIP6W3KRW68EM4PKJV\/full?target=10.1080\/02699931.2021.2013163\" target=\"_blank\" rel=\"noreferrer noopener\"><strong>Free download<\/strong><\/a><\/p>\n\n\n\n<p>2020<\/p>\n\n\n\n<p>Loderer, K., Gentsch. K., Duffy, M.C., Zhu, M., Xie. X., Chavarr\u00eda, J.A., Vogl, E., Soriano, C., Scherer, K.R. &amp; Pekrun, R. (2020). <a href=\"https:\/\/archive-ouverte.unige.ch\/unige:151366\" target=\"_blank\" rel=\"noreferrer noopener\">Are concepts of achievement emotions universal across cultures? <\/a>A semantic profiling approach. <em>Cognition and Emotion<\/em>.&nbsp;<a href=\"https:\/\/doi.org\/10.1080\/02699931.2020.1748577\" data-type=\"link\" data-id=\"https:\/\/doi.org\/10.1080\/02699931.2020.1748577\" target=\"_blank\" rel=\"noreferrer noopener\">DOI: 10.1080\/02699931.2020.1748577<\/a> \u25ba\u25ba <strong><a href=\"https:\/\/www.tandfonline.com\/eprint\/NYT3FV2SJQUXXY6USBQK\/full?target=10.1080\/02699931.2020.1748577\" data-type=\"link\" data-id=\"https:\/\/www.tandfonline.com\/eprint\/NYT3FV2SJQUXXY6USBQK\/full?target=10.1080\/02699931.2020.1748577\" target=\"_blank\" rel=\"noreferrer noopener\">Free download<\/a> <\/strong><\/p>\n\n\n\n<p>2018<\/p>\n\n\n\n<p>Ogarkova, A. &amp; Soriano, C. (2018) <a href=\"https:\/\/archive-ouverte.unige.ch\/unige:101454\" target=\"_blank\" rel=\"noreferrer noopener\">Metaphorical and literal profiling in the study of emotions<\/a>. <em>Metaphor and Symbol, 33<\/em>(1): 19-35. <a href=\"https:\/\/doi.org\/10.1080\/10926488.2018.1407993\">https:\/\/doi.org\/10.1080\/10926488.2018.1407993<\/a> \u25ba\u25ba <strong><a href=\"http:\/\/www.tandfonline.com\/eprint\/bUYzpRcqQRjseFmFzDn6\/full\" data-type=\"link\" data-id=\"http:\/\/www.tandfonline.com\/eprint\/bUYzpRcqQRjseFmFzDn6\/full\" target=\"_blank\" rel=\"noreferrer noopener\">Free download<\/a> <\/strong><\/p>\n\n\n\n<p>Ogarkova, A., Soriano, C. &amp; Gladkova, A. (2018). <a href=\"http:\/\/archive-ouverte.unige.ch\/unige:109124\" target=\"_blank\" rel=\"noreferrer noopener\">Methodological triangulation in the study of emotion. The case of \u2018anger\u2019 in three language groups<\/a>. In Ana Mar\u00eda Piquer-P\u00edriz and Rafael Alejo-Gonz\u00e1lez (Eds.), <em>Applying Cognitive Linguistics. Figurative language in use,<\/em> <em>constructions and typology<\/em> (pp. 73-100). Amsterdam\/ Philadelphia: John Benjamins. <a href=\"https:\/\/doi.org\/10.1075\/bct.99.04oga\">https:\/\/doi.org\/10.1075\/bct.99.04oga<\/a><\/p>\n\n\n\n<p>Gentsch, K, Loderer, K., Soriano, C., Fontaine. J. R. J., Eid, M., Pekrun, R. &amp; Scherer, K (2018).<a href=\"https:\/\/archive-ouverte.unige.ch\/unige:96917\" target=\"_blank\" rel=\"noreferrer noopener\"> Effects of achievement contexts on the meaning structure of emotion words<\/a>, <em>Cognition and Emotion<\/em>, 32(2): 379-388. <a href=\"https:\/\/doi.org\/10.1080\/02699931.2017.1287668\" data-type=\"link\" data-id=\"https:\/\/doi.org\/10.1080\/02699931.2017.1287668\" target=\"_blank\" rel=\"noreferrer noopener\">DOI: 10.1080\/02699931.2017.1287668<\/a>. \u25ba\u25ba<strong><a href=\"https:\/\/www.tandfonline.com\/eprint\/FScNDqBrMJsRc3qiP5zK\/full\" data-type=\"link\" data-id=\"https:\/\/www.tandfonline.com\/eprint\/FScNDqBrMJsRc3qiP5zK\/full\">Free download<\/a> <\/strong><\/p>\n\n\n\n<p>2016<\/p>\n\n\n\n<p>Gillioz, C., Fontaine, J.R.J., Soriano, C. &amp; Scherer, K.R. (2016). <a href=\"https:\/\/archive-ouverte.unige.ch\/unige:96911\" target=\"_blank\" rel=\"noreferrer noopener\">Mapping emotion terms into affective space: Further evidence for a four-dimensional structure<\/a>. <em>Swiss Journal of Psychology, <\/em>75 (3): 141-148 .<a href=\"https:\/\/doi.org\/10.1024\/1421-0185\/a000180\" data-type=\"link\" data-id=\"https:\/\/doi.org\/10.1024\/1421-0185\/a000180\" target=\"_blank\" rel=\"noreferrer noopener\">DOI: 10.1024\/1421-0185\/a000180<\/a><\/p>\n\n\n\n<p>Ogarkova, A., Soriano, C. &amp; Gladkova, A. (2016). <a href=\"https:\/\/archive-ouverte.unige.ch\/unige:98219\" target=\"_blank\" rel=\"noreferrer noopener\">Methodological triangulation in the study of emotion<\/a>. The case of \u2018anger\u2019 in three language groups. <em>Review of Cognitive Linguistics,<\/em> 14(1): 73-101. DOI: <a href=\"https:\/\/doi.org\/10.1075\/rcl.14.1.04oga\" target=\"_blank\" rel=\"noreferrer noopener\">https:\/\/doi.org\/10.1075\/rcl.14.1.04oga<\/a><\/p>\n\n\n\n<p>Soriano, C. (2016). <a href=\"https:\/\/www.unige.ch\/cisa\/index.php\/download_file\/1526\/\" target=\"_blank\" rel=\"noreferrer noopener\">El lenguaje de las emociones<\/a>. In M. C. Horno Ch\u00e9liz, I. Ibarretxe Antu\u00f1ano &amp; J.L. Mend\u00edvil Gir\u00f3 (Eds.). <em>Panorama actual de la ciencia del lenguaje<\/em> (pp. 243-259). Zaragoza: Prensas de la Universidad de Zaragoza. <strong>[G <a href=\"https:\/\/books.google.ch\/books?hl=en&amp;lr=&amp;id=OlxbDgAAQBAJ&amp;oi=fnd&amp;pg=PA243&amp;dq=info:tpMXrJpZIhwJ:scholar.google.com&amp;ots=Vv3RQI3lCU&amp;sig=8kP2HQfkK1wwTSPIoO6Z8LfY-Zs&amp;redir_esc=y#v=onepage&amp;q&amp;f=false\" target=\"_blank\" rel=\"noreferrer noopener\">book<\/a>]<\/strong><\/p>\n\n\n\n<p>2015<\/p>\n\n\n\n<p>Soriano, C., Fontaine, J. R. J. &amp; Scherer, K. R. (2015). <a href=\"https:\/\/archive-ouverte.unige.ch\/unige:96914\" target=\"_blank\" rel=\"noreferrer noopener\">Surprise in the GRID<\/a>. In A. Celle &amp; L. Lansari (Eds.), &#8220;Expressing and Describing Surprise&#8221;. Special issue of <em>Review of Cognitive Linguistics<\/em>, 13(2): 436-460. <a href=\"https:\/\/doi.org\/10.1075\/rcl.13.2.07sor\" data-type=\"link\" data-id=\"https:\/\/doi.org\/10.1075\/rcl.13.2.07sor\" target=\"_blank\" rel=\"noreferrer noopener\">DOI 10.1075\/rcl.13.2.07sor<\/a><\/p>\n\n\n\n<p>Soriano, C. (2015). <a href=\"https:\/\/archive-ouverte.unige.ch\/unige:98100\" target=\"_blank\" rel=\"noreferrer noopener\">Emotion and conceptual metaphor<\/a>. In H. Flam and J. Kleres (Eds.), <em>Methods of Exploring Emotions <\/em>(pp. 206-214). New York &amp; London: Routledge. <a href=\"https:\/\/doi.org\/10.4324\/9781315756530\">https:\/\/doi.org\/10.4324\/9781315756530<\/a><\/p>\n\n\n\n<p>2014<\/p>\n\n\n\n<p>Ogarkova, A. &amp; Soriano, C. (2014). <a href=\"http:\/\/archive-ouverte.unige.ch\/unige:96909\" target=\"_blank\" rel=\"noreferrer noopener\">Emotion and the body: A corpus-based investigation of metaphorical containers of anger across languages<\/a>. <em>International Journal of Cognitive Linguistics, 5<\/em>(2): 147-179.<\/p>\n\n\n\n<p>Ogarkova, A. &amp; Soriano, C. (2014). <a href=\"https:\/\/archive-ouverte.unige.ch\/unige:98101\" target=\"_blank\" rel=\"noreferrer noopener\">Variation within universals: The &#8216;metaphorical profile&#8217; approach to the study of ANGER concepts in English, Russian and Spanish<\/a>. In A. Musolff, F. MacArthur and G. Pagani (Eds.). <em>Metaphor and Intercultural Communication<\/em> (pp. 93-116). London: Bloomsbury. <a href=\"http:\/\/dx.doi.org\/10.5040\/9781472593610.ch-005\">http:\/\/dx.doi.org\/10.5040\/9781472593610.ch-005<\/a><\/p>\n\n\n\n<p>2013<\/p>\n\n\n\n<p>Alonso-Arbiol, Soriano C., van de Vijver, F. (2013). <a href=\"http:\/\/archive-ouverte.unige.ch\/unige:98102\" target=\"_blank\" rel=\"noreferrer noopener\">The conceptualisation of despair in Basque, Spanish, and English<\/a>. In J. R. J. Fontaine, K. R. Scherer &amp; C. Soriano (eds). <em>Components of emotional meaning: A sourcebook <\/em>(pp. 311-327). Oxford: Oxford University Press. DOI: <a href=\"https:\/\/doi.org\/10.1093\/acprof:oso\/9780199592746.003.0021\" target=\"_blank\" rel=\"noreferrer noopener\">https:\/\/doi.org\/10.1093\/acprof:oso\/9780199592746.003.0021<\/a><\/p>\n\n\n\n<p><br>Fontaine, J. R. J., Scherer. K. R. &amp; Soriano, C. (2013<sup>a<\/sup>). <a href=\"https:\/\/doi.org\/10.1093\/acprof:oso\/9780199592746.003.0001\" data-type=\"link\" data-id=\"https:\/\/doi.org\/10.1093\/acprof:oso\/9780199592746.003.0001\" target=\"_blank\" rel=\"noreferrer noopener\">A paradigm for a multidisciplinary investigation of the meaning of emotion terms<\/a>.In J. R. J. Fontaine, K. R. Scherer &amp; C. Soriano (eds). <em>Components of emotional meaning: A sourcebook<\/em> (pp. 1-4) Oxford: Oxford University Press. DOI: <a href=\"https:\/\/doi.org\/10.1093\/acprof:oso\/9780199592746.003.0001\" target=\"_blank\" rel=\"noreferrer noopener\">https:\/\/doi.org\/10.1093\/acprof:oso\/9780199592746.003.0001<\/a><\/p>\n\n\n\n<p><\/p>\n\n\n\n<p>Fontaine. J. R. J., Scherer, K. R. &amp; Soriano, C. (Eds.) (2013<sup>b<\/sup>). <em><a href=\"https:\/\/doi.org\/10.1093\/acprof:oso\/9780199592746.001.0001\" data-type=\"link\" data-id=\"https:\/\/doi.org\/10.1093\/acprof:oso\/9780199592746.001.0001\" target=\"_blank\" rel=\"noreferrer noopener\">Components of emotional meaning: A sourcebook<\/a><\/em>. Oxford: Oxford University Press. DOI: <a href=\"https:\/\/doi.org\/10.1093\/acprof:oso\/9780199592746.001.0001\" target=\"_blank\" rel=\"noreferrer noopener\">https:\/\/doi.org\/10.1093\/acprof:oso\/9780199592746.001.0001<\/a> [<strong><a href=\"https:\/\/www.unige.ch\/cisa\/research\/current-specific-research-projects\/language-and-culture\/grid-book\/\">SUPPLEMENTARY MATERIALS<\/a><\/strong>]<\/p>\n\n\n\n<p><br>Scherer, K. R., Fontaine, J.R.J. &amp; Soriano, C. (2013<sup>a<\/sup>). <a href=\"https:\/\/archive-ouverte.unige.ch\/unige:97379\" target=\"_blank\" rel=\"noreferrer noopener\">CoreGRID and MiniGRID: Development and validation of two short versions of the GRID instrument<\/a>. In J. R. J. Fontaine, K. R. Scherer &amp; C. Soriano (eds). <em>Components of emotional meaning: A sourcebook<\/em> (pp. 523-541). Oxford: Oxford University Press. DOI: <a href=\"https:\/\/doi.org\/10.1093\/acprof:oso\/9780199592746.003.0045\" target=\"_blank\" rel=\"noreferrer noopener\">https:\/\/doi.org\/10.1093\/acprof:oso\/9780199592746.003.0045<\/a><\/p>\n\n\n\n<p><br>Scherer, K. R., Fontaine, J.R.J. &amp; Soriano, C. (2013<sup>b<\/sup>). <a href=\"https:\/\/archive-ouverte.unige.ch\/unige:97377\" target=\"_blank\" rel=\"noreferrer noopener\">Promises delivered, future opportunities and challenges for the GRID paradigm<\/a>. In J. R. J. Fontaine, K. R. Scherer &amp; C. Soriano (eds). <em>Components of emotional meaning: A sourcebook<\/em> (pp. 542-559). Oxford: Oxford University Press. DOI: <a href=\"https:\/\/doi.org\/10.1093\/acprof:oso\/9780199592746.003.0046\" target=\"_blank\" rel=\"noreferrer noopener\">https:\/\/doi.org\/10.1093\/acprof:oso\/9780199592746.003.0046<\/a><\/p>\n\n\n\n<p><br>Scherer, K. R., Shuman, V., Fontaine, J.R.J. &amp; Soriano, C. (2013). <a href=\"https:\/\/archive-ouverte.unige.ch\/unige:97384\" target=\"_blank\" rel=\"noreferrer noopener\">The GRID meets the Wheel: Assessing emotional feeling via self-report<\/a>. In J. R. J. Fontaine, K. R. Scherer &amp; C. Soriano (eds). <em>Components of emotional meaning: A sourcebook<\/em> (pp. 281-298). Oxford: Oxford University Press. DOI: <a href=\"https:\/\/doi.org\/10.1093\/acprof:oso\/9780199592746.003.0019\" target=\"_blank\" rel=\"noreferrer noopener\">https:\/\/doi.org\/10.1093\/acprof:oso\/9780199592746.003.0019<\/a><\/p>\n\n\n\n<p><br>Soriano C. (2013<sup>a<\/sup>) <a href=\"https:\/\/archive-ouverte.unige.ch\/unige:98104\" target=\"_blank\" rel=\"noreferrer noopener\">Conceptual metaphor theory and the GRID paradigm in the study of anger in English and Spanish<\/a>. In J. R. J. Fontaine, K. R. Scherer &amp; C. Soriano (eds). <em>Components of emotional meaning: A sourcebook<\/em> (pp. 410-424). Oxford: Oxford University Press. DOI: <a href=\"https:\/\/doi.org\/10.1093\/acprof:oso\/9780199592746.003.0029\" target=\"_blank\" rel=\"noreferrer noopener\">https:\/\/doi.org\/10.1093\/acprof:oso\/9780199592746.003.0029<\/a><\/p>\n\n\n\n<p><br>Soriano C. (2013<sup>b<\/sup>) <a href=\"https:\/\/archive-ouverte.unige.ch\/unige:98105\" target=\"_blank\" rel=\"noreferrer noopener\">Linguistic theories of lexical meaning<\/a>. In J. R. J. Fontaine, K. R. Scherer &amp; C. Soriano (eds). <em>Components of emotional meaning: A sourcebook<\/em> (pp. 63-79). Oxford: Oxford University Press. DOI: <a href=\"https:\/\/doi.org\/10.1093\/acprof:oso\/9780199592746.003.0005\" target=\"_blank\" rel=\"noreferrer noopener\">https:\/\/doi.org\/10.1093\/acprof:oso\/9780199592746.003.0005<\/a><\/p>\n\n\n\n<p><br>Soriano, C., Fontaine, J. R. J., Ogarkova, A., Mej\u00eda, C., Volkova, Y., Ionova S. &amp; Shakhovskyy, V. (2013). <a href=\"https:\/\/archive-ouverte.unige.ch\/unige:98124\" target=\"_blank\" rel=\"noreferrer noopener\">Types of anger in Spanish and Russian<\/a>. In J. R. J. Fontaine, K. R. Scherer &amp; C. Soriano (eds). <em>Components of emotional meaning: A sourcebook<\/em> (pp. 339-352). Oxford: Oxford University Press. DOI: <a href=\"https:\/\/doi.org\/10.1093\/acprof:oso\/9780199592746.003.0023\" target=\"_blank\" rel=\"noreferrer noopener\">https:\/\/doi.org\/10.1093\/acprof:oso\/9780199592746.003.0023<\/a><\/p>\n\n\n\n<p><br>2012<\/p>\n\n\n\n<p>Ogarkova, A, Soriano, C &amp; Lehr, C. (2012). <a href=\"https:\/\/archive-ouverte.unige.ch\/unige:98125\" target=\"_blank\" rel=\"noreferrer noopener\">Naming feeling: Exploring the equivalence of emotion terms in five European languages<\/a>. In Wilson, P. A. (ed.) <em>Dynamicity in Emotion Concepts<\/em> (pp. 253-284) (Lodz Studies in Language, vol 27). Frankfurt am Main: Peter Lang.<\/p>\n\n\n\n<p><br>Soriano C. (2012) <a href=\"https:\/\/archive-ouverte.unige.ch\/unige:98126\" target=\"_blank\" rel=\"noreferrer noopener\">La met\u00e1fora conceptual<\/a>. In Ibarretxe-Antu\u00f1ano, Iraide &amp; Javier Valenzuela (eds.). <em>Ling\u00fc\u00edstica Cognitiva <\/em>(pp 97-121). Barcelona: Anthropos.<\/p>\n\n\n\n<p><br>2010<\/p>\n\n\n\n<p>Ogarkova, A., Soriano, C., &amp; C. Lehr (2010). Cultural specificity in labeling emotional scenarios: a case study of ANGER, SHAME, GUILT, and PRIDE in five European languages. In V.I. Shakhovskyy (Ed.) <em>Human communication: motives, strategies, tactics<\/em> (pp. 71-84). Volgograd: Peremena.<\/p>\n\n\n\n<p><br>2009<\/p>\n\n\n\n<p>Soriano, C. &amp; Ogarkova, A. (2009). <a href=\"https:\/\/archive-ouverte.unige.ch\/unige:98301\" target=\"_blank\" rel=\"noreferrer noopener\">Linguistics and emotion<\/a>. In Sander, David &amp; Klaus R. Scherer (eds.). <em>Oxford Companion to Emotion and the Affective Sciences<\/em> (pp. 240-242). Oxford University Press.<\/p>\n\n\n\n<p><br>Soriano, C. &amp; Valenzuela, J. (2009<sup>a<\/sup>). <a href=\"https:\/\/archive-ouverte.unige.ch\/unige:98201\" target=\"_blank\" rel=\"noreferrer noopener\">Are conceptual metaphors accessible online? A psycholinguistic exploration of the CONTROL IS UP metaphor.<\/a> In Valenzuela, J, Rojo, A. &amp; Soriano, C. (eds), <em>Trends in Cognitive Linguistics: Theoretical and Applied Models<\/em> (pp. 29-49). Frankfurt: Peter Lang.<\/p>\n\n\n\n<p><br>Soriano, C &amp; Valenzuela, J (2009<sup>b<\/sup>). <a href=\"https:\/\/archive-ouverte.unige.ch\/unige:98133\" target=\"_blank\" rel=\"noreferrer noopener\">Emotion and colour across languages: Implicit associations in Spanish colour terms<\/a>. <em>Social Science Information<\/em> 48(3): 421-445. DOI: <a href=\"https:\/\/doi.org\/10.1177\/0539018409106199\" target=\"_blank\" rel=\"noreferrer noopener\">https:\/\/doi.org\/10.1177\/0539018409106199<\/a> <\/p>\n\n\n\n<p><\/p>\n\n\n\n<p>Valenzuela, J. Rojo, A. &amp; Soriano, C. (Eds.) (2009). <em><a href=\"https:\/\/www.peterlang.com\/document\/1106421\" data-type=\"link\" data-id=\"https:\/\/www.peterlang.com\/document\/1106421\" target=\"_blank\" rel=\"noreferrer noopener\">Trends in Cognitive Linguistics: Theoretical and Applied Models<\/a><\/em>. Frankfurt: Peter Lang  <strong>[G <a href=\"https:\/\/books.google.ch\/books?id=fKXMqbG9vcoC&amp;printsec=frontcover&amp;source=gbs_atb&amp;redir_esc=y#v=onepage&amp;q&amp;f=false\" target=\"_blank\" rel=\"noreferrer noopener\">book<\/a>]<\/strong><\/p>\n\n\n\n<p>2007<\/p>\n\n\n\n<p>Valenzuela, J. &amp; Soriano, C.&nbsp;(2007<sup>a<\/sup>). <a href=\"http:\/\/www.edicions.ub.edu\/revistes\/bells16\/documentos\/articles_05.pdf\" data-type=\"link\" data-id=\"http:\/\/www.edicions.ub.edu\/revistes\/bells16\/documentos\/articles_05.pdf\" target=\"_blank\" rel=\"noreferrer noopener\">Looking at metaphors: A picture-word priming task as a test for the existence of conceptual metaphor<\/a>. <em>Barcelona English Language and Literature Studies <\/em>(BELLS), 16.<\/p>\n\n\n\n<p><br>Valenzuela, J. &amp; Soriano, C. (2007<sup>b<\/sup>). <a href=\"https:\/\/archive-ouverte.unige.ch\/unige:98750\" target=\"_blank\" rel=\"noreferrer noopener\">Reading anger stories: A lexical decision task as a test for the existence of metaphorical representation<\/a>. In Ibarretxe-Antu\u00f1ano, I., Inchaurralde, C. &amp; S\u00e1nchez, J. (eds), <em>Language, Mind and the Lexicon<\/em> (pp. 281-303). Frankfurt: Peter Lang.<\/p>\n\n\n\n<p><br>2005<\/p>\n\n\n\n<p>Soriano, C. (2005). <em>The conceptualization of anger in English and Spanish. A cognitive approach<\/em>. <strong>Unpublished doctoral dissertation<\/strong>. University of Murcia (Spain). <strong><span class=\"highlight\">DOWNLOAD HERE<\/span><\/strong><\/p>\n\n\n\n<p>Valenzuela, J. &amp; Soriano, C. (2005). <a href=\"https:\/\/archive-ouverte.unige.ch\/unige:98258\" target=\"_blank\" rel=\"noreferrer noopener\">Cognitive metaphor and empirical methods<\/a>. <em>Barcelona English Language and Literature Studies <\/em>(BELLS), 14: 1-19.<\/p>\n\n\n\n<p><br>2004<\/p>\n\n\n\n<p>Barcelona, A. &amp; Soriano, C. (2004). <a href=\"https:\/\/doi.org\/10.1080\/1382557042000277403\" data-type=\"link\" data-id=\"https:\/\/doi.org\/10.1080\/1382557042000277403\" target=\"_blank\" rel=\"noreferrer noopener\">Metaphorical conceptualization in English and Spanish<\/a>. <em>European Journal of English Studies <\/em>(EJES), 8-3: 295-308. DOI: <a href=\"https:\/\/doi.org\/10.1080\/1382557042000277403\" target=\"_blank\" rel=\"noreferrer noopener\">https:\/\/doi.org\/10.1080\/1382557042000277403<\/a><\/p>\n\n\n\n<p><br>2003<\/p>\n\n\n\n<p>Soriano, C. (2003). <a href=\"https:\/\/archive-ouverte.unige.ch\/unige:98261\" target=\"_blank\" rel=\"noreferrer noopener\">Some anger metaphors in Spanish and English. A contrastive review.<\/a> <em>Contrastive Cognitive Linguistics<\/em>, monograph issue of the <em>International Journal of English Studies<\/em> (IJES), 3-2: 107-122<\/p>\n\n\n\n<p><br>2002<\/p>\n\n\n\n<p>Soriano, C. (2002). <a href=\"https:\/\/archive-ouverte.unige.ch\/unige:96915\" target=\"_blank\" rel=\"noreferrer noopener\">Met\u00e1foras y metonimias cognitivas en la conceptualizaci\u00f3n de la ira. Estudio contrastivo ingl\u00e9s-espa\u00f1ol<\/a>. <em>Interling\u00fc\u00edstica<\/em>, 13-3: 391-401.<\/p>\n","protected":false},"excerpt":{"rendered":"<p>(all types together, organized by year, all downloadable) 2026 Soriano, C., Gillioz, C., Fontaine, J.R.J., &amp; Scherer, K.R. (2026). Emotion word meaning and grammatical class: Do nouns and adjectives mean the same?. Language Sciences, 115, 101807. https:\/\/doi.org\/10.1016\/j.langsci.2026.101807 2025 Soriano, C. &amp; Ogarkova, A. (2025). The meaning of \u201cfrustration\u201d across languages. Language and Cognition, 17, e16, &hellip; <\/p>\n<p class=\"link-more\"><a href=\"https:\/\/cristina-soriano.com\/index.php\/publications\/\" class=\"more-link\">Continue reading<span class=\"screen-reader-text\"> &#8220;Publications&#8221;<\/span><\/a><\/p>\n","protected":false},"author":2,"featured_media":0,"parent":0,"menu_order":0,"comment_status":"closed","ping_status":"closed","template":"","meta":{"_themeisle_gutenberg_block_has_review":false,"footnotes":""},"class_list":["post-28","page","type-page","status-publish","hentry"],"_links":{"self":[{"href":"https:\/\/cristina-soriano.com\/index.php\/wp-json\/wp\/v2\/pages\/28","targetHints":{"allow":["GET"]}}],"collection":[{"href":"https:\/\/cristina-soriano.com\/index.php\/wp-json\/wp\/v2\/pages"}],"about":[{"href":"https:\/\/cristina-soriano.com\/index.php\/wp-json\/wp\/v2\/types\/page"}],"author":[{"embeddable":true,"href":"https:\/\/cristina-soriano.com\/index.php\/wp-json\/wp\/v2\/users\/2"}],"replies":[{"embeddable":true,"href":"https:\/\/cristina-soriano.com\/index.php\/wp-json\/wp\/v2\/comments?post=28"}],"version-history":[{"count":7,"href":"https:\/\/cristina-soriano.com\/index.php\/wp-json\/wp\/v2\/pages\/28\/revisions"}],"predecessor-version":[{"id":253,"href":"https:\/\/cristina-soriano.com\/index.php\/wp-json\/wp\/v2\/pages\/28\/revisions\/253"}],"wp:attachment":[{"href":"https:\/\/cristina-soriano.com\/index.php\/wp-json\/wp\/v2\/media?parent=28"}],"curies":[{"name":"wp","href":"https:\/\/api.w.org\/{rel}","templated":true}]}}