{"id":32,"date":"2023-11-14T14:21:39","date_gmt":"2023-11-14T13:21:39","guid":{"rendered":"https:\/\/cisa-unige.ch\/soriano-cristina\/?page_id=32"},"modified":"2023-11-14T14:21:39","modified_gmt":"2023-11-14T13:21:39","slug":"outreach","status":"publish","type":"page","link":"https:\/\/cristina-soriano.com\/index.php\/outreach\/","title":{"rendered":"Outreach"},"content":{"rendered":"\n<div class=\"wp-block-columns is-layout-flex wp-container-core-columns-is-layout-9d6595d7 wp-block-columns-is-layout-flex\">\n<div class=\"wp-block-column is-layout-flow wp-block-column-is-layout-flow\">\n<figure class=\"wp-block-image size-large\"><img decoding=\"async\" src=\"https:\/\/cisa-unige.ch\/soriano-cristina\/wp-content\/themes\/twentyseventeen\/assets\/images\/stripes.jpg\" alt=\"Black Stripes\" \/><\/figure>\n\n\n\n<h2 class=\"wp-block-heading has-black-color has-text-color\" style=\"font-size:45px\">Outreach talks<\/h2>\n\n\n\n<p class=\"has-black-color has-text-color\" style=\"line-height:1.8\">Outreach talks and other knowledge transfer contributions.<\/p>\n\n\n\n<p style=\"line-height:3\"><a href=\"#\">More \u2192<\/a><\/p>\n<\/div>\n\n\n\n<div class=\"wp-block-column is-layout-flow wp-block-column-is-layout-flow\">\n<figure class=\"wp-block-image size-large\"><img decoding=\"async\" src=\"https:\/\/cisa-unige.ch\/soriano-cristina\/wp-content\/themes\/twentyseventeen\/assets\/images\/white-border.jpg\" alt=\"White border\" \/><\/figure>\n\n\n\n<h2 class=\"wp-block-heading has-black-color has-text-color\" style=\"font-size:45px\">Blog<\/h2>\n\n\n\n<p class=\"has-black-color has-text-color\" style=\"line-height:1.8\">Some of my ideas about different things<\/p>\n\n\n\n<p style=\"line-height:3.0\"><a href=\"#\">More \u2192<\/a><\/p>\n<\/div>\n<\/div>\n\n\n\n<p><strong><em>Knowledge transfer\/ outreach<\/em><\/strong><\/p>\n\n\n\n<p>Soriano, C. (2022, September 3). Participation in theme session&nbsp;&#8220;Le r\u00f4le des \u00e9motions face \u00e0 la crise \u00e9cologique&#8221;. 8th festival Alternatiba Leman. Geneva.<\/p>\n\n\n\n<p>Soriano, C. (2022, August 29). Interview in \u00ab&nbsp;<a href=\"https:\/\/youtu.be\/i4xZFEJnzJQ\" target=\"_blank\" rel=\"noreferrer noopener\">Climat: Le choix des mots<\/a>&nbsp;\u00bb. Podcast series \u00abTout contre la Terre, Grands entretiens&nbsp;\u00bb. Chahut Media<\/p>\n\n\n\n<p>Soriano, C. (2022, May 9). Participation in \u00ab <a href=\"https:\/\/youtu.be\/3w2ZHCbZXI0\" target=\"_blank\" rel=\"noreferrer noopener\">Le climat est en crise, notre col\u00e8re grandit<\/a> \u00bb. Podcast series \u00ab Tout contre la Terre, le podcast \u00bb. Chahut Media<\/p>\n\n\n\n<p>Soriano, C. (2021, November 27). Participation in round table &#8220;Tout contre la Terre : L\u00e2cher nos biais cognitifs pour changer d&#8217;imaginaires&#8221;. Organized by the R\u00e9seau genevois de l&#8217;\u00e9conomie sociale et solidaire. Geneva.<\/p>\n\n\n\n<p>Soriano, C. (2021). &#8220;The nature of our affects&#8221; and other texts. Museum exhibition &#8220;Agir tout contre la Terre&#8221;. Natural History Museum, Geneva.<\/p>\n\n\n\n<p>Soriano, C. (2020, October). &#8221; <a href=\"http:\/\/methodpliant.com\/1_you-get-strong-and-self-reliant-how-research-shapes-you.html\" target=\"_blank\" rel=\"noreferrer noopener\">&#8220;You get strong and self-reliant&#8221;: How research shapes you<\/a>&#8220;. Interview for online journal <em>Method Pliant,<\/em><\/p>\n\n\n\n<p>Soriano, C. (2019). &#8220;Fleurs, couleurs et \u00e9motions&#8221;. Text for exhibition &#8220;Symboles &amp; Sentiments, secrets du monde v\u00e9g\u00e9tal&#8221;. Conservatoire et Jardin botaniques, Geneva.<\/p>\n\n\n\n<p>Soriano, C. (2014, February 20). &#8220;<a href=\"http:\/\/blog.oup.com\/2014\/02\/emotion-words-across-language-culture\/\" target=\"_blank\" rel=\"noreferrer noopener\">What does he mean by &#8216;I love you&#8217;?<\/a>&#8220;. Blog entry.<\/p>\n\n\n\n<p>Soriano, C. &amp; Valenzuela, J. (2008). \u201cLe Temps d&#8217;une metaphore\u201d. Poster presented at <em>La Nuit de la Science 2008<\/em>. Museum of the History of Science, Geneva (Switzerland), July 5-6<br><br>Soriano, C. &amp; Valenzuela, J. (2008). \u201cLa ligne du temps\u201d. Poster presented at La <em>Nuit de la Science 2008<\/em>, Museum of the History of Science, Geneva (Switzerland), July 5-6<\/p>\n","protected":false},"excerpt":{"rendered":"<p>Outreach talks Outreach talks and other knowledge transfer contributions. More \u2192 Blog Some of my ideas about different things More \u2192 Knowledge transfer\/ outreach Soriano, C. (2022, September 3). Participation in theme session&nbsp;&#8220;Le r\u00f4le des \u00e9motions face \u00e0 la crise \u00e9cologique&#8221;. 8th festival Alternatiba Leman. Geneva. Soriano, C. (2022, August 29). Interview in \u00ab&nbsp;Climat: Le &hellip; <\/p>\n<p class=\"link-more\"><a href=\"https:\/\/cristina-soriano.com\/index.php\/outreach\/\" class=\"more-link\">Continue reading<span class=\"screen-reader-text\"> &#8220;Outreach&#8221;<\/span><\/a><\/p>\n","protected":false},"author":2,"featured_media":0,"parent":0,"menu_order":0,"comment_status":"closed","ping_status":"closed","template":"","meta":{"_themeisle_gutenberg_block_has_review":false,"footnotes":""},"class_list":["post-32","page","type-page","status-publish","hentry"],"_links":{"self":[{"href":"https:\/\/cristina-soriano.com\/index.php\/wp-json\/wp\/v2\/pages\/32","targetHints":{"allow":["GET"]}}],"collection":[{"href":"https:\/\/cristina-soriano.com\/index.php\/wp-json\/wp\/v2\/pages"}],"about":[{"href":"https:\/\/cristina-soriano.com\/index.php\/wp-json\/wp\/v2\/types\/page"}],"author":[{"embeddable":true,"href":"https:\/\/cristina-soriano.com\/index.php\/wp-json\/wp\/v2\/users\/2"}],"replies":[{"embeddable":true,"href":"https:\/\/cristina-soriano.com\/index.php\/wp-json\/wp\/v2\/comments?post=32"}],"version-history":[{"count":0,"href":"https:\/\/cristina-soriano.com\/index.php\/wp-json\/wp\/v2\/pages\/32\/revisions"}],"wp:attachment":[{"href":"https:\/\/cristina-soriano.com\/index.php\/wp-json\/wp\/v2\/media?parent=32"}],"curies":[{"name":"wp","href":"https:\/\/api.w.org\/{rel}","templated":true}]}}