{"id":69,"date":"2023-11-14T15:46:12","date_gmt":"2023-11-14T14:46:12","guid":{"rendered":"https:\/\/cisa-unige.ch\/soriano-cristina\/?page_id=69"},"modified":"2025-06-25T14:22:08","modified_gmt":"2025-06-25T14:22:08","slug":"presentations","status":"publish","type":"page","link":"https:\/\/cristina-soriano.com\/index.php\/presentations\/","title":{"rendered":"Talks"},"content":{"rendered":"\n<p><\/p>\n\n\n\n<p><em><sup>* Invited <\/sup><\/em><\/p>\n\n\n\n<p>2025<\/p>\n\n\n\n<p><strong>* <\/strong>Soriano, C. (2025). Anger: A language-based perspective. Invited Talk. Workshop &#8220;<em>Dies Irae<\/em>&#8220;. Universit\u00e9 de Gen\u00e8ve (Switzerland), May 15.<\/p>\n\n\n\n<p>2024<\/p>\n\n\n\n<p><strong>* <\/strong>Soriano, C.<strong> <\/strong>(2024). What can emotion words tell us about affective experience across cultures? Invited lecture. <em>The 8th International Conference on Interdisciplinarity in Translation and Interpreting<\/em>. Shanghai International Studies University (SISU). Shanghai (China), December 5\u20136.<\/p>\n\n\n\n<p><strong>* <\/strong>Soriano, C.<strong> <\/strong>(2024). La expresi\u00f3n ling\u00fc\u00edstica de la emoci\u00f3n. Invited keynote lecture. Seminario Internacional \u201c<em>Entre letras y latidos: perspectivas cient\u00edficas sobre la relaci\u00f3n entre lenguaje y emoci\u00f3n<\/em>\u201d (Psylex VI). Zaragoza (Spain), November 7 \u2013 8.<\/p>\n\n\n\n<p><strong>* <\/strong>Soriano, C.<strong> <\/strong>(2024). Emotion and metaphor. Invited plenary lecture. <em>XIII AELCO\/ SCOLA conference<\/em>. University of Granada, Granada (Spain), September 25-27.<\/p>\n\n\n\n<p>Soriano, C &amp; Ogarkova. A. (2024). Frustration: A language-specific concept? <em>International conference ISRE 2024<\/em>. Queen&#8217;s University Belfast, Belfast (Ireland), July 17 \u2013 20.<\/p>\n\n\n\n<p><strong>* <\/strong>Soriano, C.<strong> <\/strong>(2024). The emotion lexicon across languages and cultures. Invited plenary lecture. International&nbsp;conference&nbsp;&nbsp;\u201c<em>Affective and Emotional Dimensions of Experience: Language, Cognition, and Culture&nbsp;<\/em>(AEDE)\u201d. Universidade Cat\u00f3lica Portuguesa, Braga (Portugal), July 3-5.<\/p>\n\n\n\n<p>Soriano, C. (2024). \u201c\u2018<em>Frustration\u2019<\/em> does not mean the same across languages\u201d. <em>Annual Research Forum of the Swiss Center for Affective Sciences<\/em>. University of Geneva, Geneva (Switzerland), February 1-2.<\/p>\n\n\n\n<p>2022<\/p>\n\n\n\n<p>* Soriano, C.<strong> <\/strong>(2022). \u201cEmoci\u00f3n y lenguaje\u201d. Invited talk. <em>1<sup>st<\/sup> meeting of the Spanish researchers in Switzerland, Italy and France<\/em>. Organized by Association of Spanish Researchers in Switzerland (ACECH). CERN, Geneva (Switzerland). November 19-20<\/p>\n\n\n\n<p>2021<\/p>\n\n\n\n<p>* Soriano, C. (2021). &#8220;El lenguaje emocional y el lenguaje sobre las emociones: perspectivas interculturales&#8221;. Invited keynote lecture. Jornada Internacional de Lengua, Emoci\u00f3n e Identidad. Universidad de Alcal\u00e1 (Spain), September.<\/p>\n\n\n\n<p>* Soriano, C. (2021). Cross-cultural emotion conceptualization: Methods for the study of literal and figurative language. Invited keynote lecture. Conference &#8220;Language, Semantics and Cognition: Saying and conceptualizing the world from Ancient Egypt to Modern Times&#8221;. Yale University (USA), April 17<strong>. <a href=\"https:\/\/www.dropbox.com\/s\/952y5h2xixionk7\/CSoriano_April17_2021_lecture_only.mp4?dl=0\" target=\"_blank\" rel=\"noreferrer noopener\">View lecure here<\/a><\/strong><\/p>\n\n\n\n<p>2020<\/p>\n\n\n\n<p>Lagier, S. &amp; Soriano, C. (2020). <a href=\"https:\/\/www.cuso.ch\/activity\/?p=1203&amp;uid=5357&amp;lang=fr\" target=\"_blank\" rel=\"noreferrer noopener\">The metaphor factory<\/a>. Workshop for CUSO &#8211; Programme Transversal de D\u00e9veloppement des Comp\u00e9tences G\u00e9n\u00e9riques. September 1.<\/p>\n\n\n\n<p>* Soriano, C. (2020). El estudio de las emociones a trav\u00e9s de sus nombres en distintas lenguas y culturas. Invited lecture. Universidad Nebrija, Madrid (Spain), June 12.<\/p>\n\n\n\n<p>2019<\/p>\n\n\n\n<p>* Soriano, C. (2019). Affective meaning in language. Invited talk. Sympoisum \u201c<em>Emotion, Expression, and Language<\/em>\u201d. University of Geneva, Geneva (Switzerland), November 4.<\/p>\n\n\n\n<p>* Soriano, C. (2019). Metaphor and Emotion. A cross-disciplinary dialog in the Affective Sciences. Invited plenary lecture. Conference \u201c<em>Metaphor Studies at the Intersection of Multiple Disciplines<\/em>\u201d. Li\u00e8ge (Belgium), May 16-17.<\/p>\n\n\n\n<p>2018<\/p>\n\n\n\n<p>Soriano, C. &amp; Piata, A. (2018). Valence or power? A corpus study on the affect bias in time conceptualization. <em>11th International Conference of the Spanish Cognitive Linguistics Association<\/em> (AELCO). C\u00f3rdoba (Spain), October 17-19.<\/p>\n\n\n\n<p>Lagier, S., LeBoeuf, A. &amp; Soriano, C. (2018). <a href=\"https:\/\/www.ecsite.eu\/activities-and-services\/ecsite-events\/annual-conferences\/sessions\/metaphor-factory\" target=\"_blank\" rel=\"noreferrer noopener\">The metaphor factory<\/a>. Workshop at Ecsite Annual Conference 2018. Geneva, June 7-9.<\/p>\n\n\n\n<p>* Soriano, C. (2018). El lenguaje de las emociones. Invited lecture. XIII Seminario Internacional de Lengua y Periodismo \u201cEl lenguaje en la era de la post-verdad\u201d. San Mill\u00e1n de la Cogolla (Spain), May 29-30. <strong>[<a href=\"http:\/\/www.fundeu.es\/san-millan-2018\/\" target=\"_blank\" rel=\"noreferrer noopener\">video<\/a>]<\/strong> <sup>(NOTE: my talk was presented by David Garc\u00eda on my behalf due to illness)<\/sup><\/p>\n\n\n\n<p>* Soriano, C. (2018). Interdisciplinary approaches to the study of emotion, metaphor and identity. Invited lecture. International Workshop &#8220;Metaphor, Emotions, and Identity&#8221;. Pamplona (Spain), February 16-17. <strong>[<a href=\"https:\/\/www.unige.ch\/cisa\/files\/9515\/1989\/9752\/Interview_Soriano.pdf\" target=\"_blank\" rel=\"noreferrer noopener\">interview1<\/a>] [<a href=\"http:\/\/www.unav.edu\/web\/instituto-cultura-y-sociedad\/actualidad\/detalle-noticias\/2018\/03\/21\/por-que-un-ingles-siente-orgullo-pero-un-chino-no\/-\/asset_publisher\/XNc0\/content\/2018_03_21_ics_cristina_soriano\/10174\" target=\"_blank\" rel=\"noreferrer noopener\">interview2<\/a>]<\/strong><\/p>\n\n\n\n<p>2017<\/p>\n\n\n\n<p>Piata, A. &amp; Soriano, C. (2017). \u201cThat Time will come and take my love away&#8221;: Time and affective valence in language and literature. <em>14th International Cognitive Linguistics Conference<\/em> (ICLC). Tartu (Estonia), July 10-14.<\/p>\n\n\n\n<p>Piata, A. &amp; Soriano, C. (2017). \u201cSpatial representations of time and emotion: Evidence on mental imagery from the PoetiCog literary database\u201d. <em>International Conference on Multimodal Communication: Developing New Theories and Methods<\/em>. Osnabr\u00fcck (Germany), June 9-11.<\/p>\n\n\n\n<p>Soriano, C., Gillioz, C., Fontaine, J. &amp; Scherer, K. (2017). Linguistics and emotion words: The meaning of nouns and adjectives. Symposium \u201cEmotion process competence: Integrating multidisciplinary approaches\u201d. <em>International Convention of Psychological Science (ICPS)<\/em>. Vienna (Austria), March 23-25.<\/p>\n\n\n\n<p>2016<\/p>\n\n\n\n<p>* Soriano, C. (2016). Emotion language and emotion conceptualization. Invited lecture. Workshop &#8220;Language and Emotion&#8221;. University of Fribourg, Fribourg (Switzerland), December 1-2.<\/p>\n\n\n\n<p>* Soriano, C. (2016). La categorizaci\u00f3n de las emociones en distintas lenguas. Invited talk. <em>VIII<\/em> <em>International Congress of Hispanic Linguistics<\/em>. Leipzig (Germany), September 26-29<\/p>\n\n\n\n<p>2015<\/p>\n\n\n\n<p>Soriano, C. &amp; Ogarkova, A. (2015). &#8220;The meaning of &#8220;frustration&#8221; across languages&#8221;. <em>International Society for Research on Emotion<\/em> (ISRE 2015). Geneva (Swizerland), July 8-10.<\/p>\n\n\n\n<p>Ogarkova, A. &amp; Soriano, C. (2015). &#8220;Metaphorical profiles of ANGER nouns in three languages: Converging evidence with cross-cultural emotion psychology&#8221;. <em>International Society for Research on Emotion<\/em> (ISRE 2015). Geneva (Swizerland), July 8-10.<\/p>\n\n\n\n<p>2014<\/p>\n\n\n\n<p>Soriano, C. &amp; Ogarkova, A. (2014). &#8220;Triangulating results from CMT and emotion psychology&#8221;. <em>IX International Conference of the Spanish Cognitive Linguistics Association<\/em> (AELCO). &#8220;Applied Cognitive Linguistics: New Challenges&#8221;. Badajoz (Spain), October 15-18.<\/p>\n\n\n\n<p>* Soriano, C., Fontaine, J. &amp; Scherer. K.&nbsp; (2014). &#8220;Surprise in the GRID&#8221;. Invited talk at the International Symposium &#8220;Describing and Expressing Surprise&#8221;. Paris (France), October 10.<\/p>\n\n\n\n<p>Soriano, C. (2014). &#8220;Conceptual metaphors and the GRID paradigm. A case study on \u2018anger\u2019 in English and Spanish&#8221;. <em>Conosortium of European Research on Emotion<\/em> (CERE). Berlin (Germany), March 27-28.<\/p>\n\n\n\n<p>2013<\/p>\n\n\n\n<p>* Soriano, C. (2013). &#8220;Las emociones y sus nombres. Un estudio interdisciplinar&#8221;. Invited lecture. Linguistics Department, University of Zaragoza. Zaragoza (Spain), October 23. [announcing <a href=\"http:\/\/zaragozalinguistica.files.wordpress.com\/2013\/10\/zl-soriano.pdf\" target=\"_blank\" rel=\"noreferrer noopener\">poster<\/a>] <strong>[<a href=\"http:\/\/zaragozalinguistica.wordpress.com\/2013\/10\/25\/linguistica-cognitiva-de-la-buena\/\" target=\"_blank\" rel=\"noreferrer noopener\">review<\/a>] [<a href=\"http:\/\/www.youtube.com\/watch?v=maCJUaQa-1Q&amp;feature=youtu.be\" target=\"_blank\" rel=\"noreferrer noopener\">video<\/a>]<\/strong><\/p>\n\n\n\n<p>Soriano, C. (2013). &#8220;Applications of the GRID paradigm in linguistic inquiry&#8221;. <em>International Society for Research on Emotion<\/em> (ISRE 2013). Berkeley (USA), August 2-6.<\/p>\n\n\n\n<p>Ogarkova, A,. &amp; Soriano, C. (2013). &#8220;Metaphor in emotion concepts: Experimental testing of corpora evidence&#8221;. Workshop &#8220;Emotions in Language, Culture, Cognition&#8221;, <em>International Congress of Linguistics<\/em>. Geneva (Switzerland), July 22-27.<\/p>\n\n\n\n<p>Alonso-Arbiol, I., Soriano, C., &amp; Van De Vijver, F. J. R.&nbsp; (2013). &#8220;The Conceptualization of despair in Basque, Spanish, and English using the GRID instrument&#8221;. <em>XII European Conference on Psychological Assessment (ECPA12)<\/em>. San Sebasti\u00e1n (Spain), July 17-20.<\/p>\n\n\n\n<p>* Soriano, C. &amp; Schnall, S. (2013). \u201cMorality, moral emotions, and metaphor\u201d. Workshop at the <em>International Summer School in Affective Sciences<\/em> (ISSAS 2013), on &#8220;Emotion, Morality and Value&#8221;. Ch\u00e2teau de Bossey, Celigny (Switzerland), July 7.<\/p>\n\n\n\n<p>Soriano, C. &amp; Valenzuela, J. (2013). &#8220;Dimensional congruence and colour-emotion associations in Spanish&#8221;. <em>XII International Cognitive Linguistics Conference<\/em> (ICLC). Alberta (Canada), June 23-28.<\/p>\n\n\n\n<p>* Ogarkova, A. &amp; Soriano, C. (2013). &#8220;<a href=\"http:\/\/archive-ouverte.unige.ch\/unige:100127\" target=\"_blank\" rel=\"noreferrer noopener\">Voices and Sounds in Emotion Metaphor<\/a>: Insights from the Metaphorical Profile Approach&#8221;. Workshop &#8220;Gods and Performers: The Affective Semantics of Voices and Sounds&#8221;. Geneva (Switzerland), May 29.<\/p>\n\n\n\n<p>Ogarkova, A. &amp; Soriano, C. (2013). &#8220;Across disciplinary boundaries: Feature-based and metaphorical profiling methods in the comparative study of ANGER conceptualization&#8221;. Specialized workshop of the International Association for Researching and Applying Metaphor (RaAM) &#8220;Metaphor, Metonymy and Emotions&#8221;. Poznan (Poland): May 2-3.<\/p>\n\n\n\n<p>Soriano, C. (2013). &#8220;Cross-disciplinary communication in the study of emotion concepts: semantic foci as tertium comparationis for observed and elicited data&#8221;. Specialized workshop of the International Association for Researching and Applying Metaphor (RaAM) &#8220;Metaphor, Metonymy and Emotions&#8221;. Poznan (Poland): May 2-3.<\/p>\n\n\n\n<p>Ogarkova, A. &amp; Soriano, C. (2013). &#8220;Emotion and the body: a corpus-driven investigation of metaphorical containers of anger across languages&#8221;. <em>SAUTE 2013<\/em>. Lausanne (Switzerland): April 19-20.<\/p>\n\n\n\n<p>2012<\/p>\n\n\n\n<p>Ogarkova, A., Soriano, C. (2012). &#8220;Triangulating cognitive and psycholinguistic approaches in cross-cultural research on emotion conceptualization&#8221;. <em>V International Conference of the German Cognitive Linguistics Association<\/em>. Freiburg, October 10-12.<\/p>\n\n\n\n<p>Soriano, C &amp; Ogarkova, A (2012). &#8220;ANGER revisited: Cross-linguistic corpus evidence for a new model&#8221;.&nbsp;<em>UK-CLC4<\/em>. London (UK), July 10-12.<\/p>\n\n\n\n<p>Ogarkova, A &amp; Soriano, C (2012). &#8220;What metaphorical profiles of emotion nouns can tell us about emotions: converging evidence with (cross cultural) emotion psychology&#8221;. <em>UK-CLC4<\/em>. London (UK), July 10-12.<\/p>\n\n\n\n<p>* Soriano, C (2012). <a href=\"https:\/\/sites.google.com\/site\/blendingmurcia\/guest-speakers\/cristina-soriano\" target=\"_blank\" rel=\"noreferrer noopener\">&#8220;Conceptual integration, metaphor and emotion&#8221;<\/a>. Guest speaker at the workshop &#8220;Rethinking Metaphor: Conceptual Integration and Empirical Methods&#8221;. Murcia (Spain), May 10-12.<\/p>\n\n\n\n<p>* Soriano, C (2012). &#8220;Interdisciplinary approaches in the study of emotion concepts&#8221;. Invited talk. Centre for Languages and Literature. Lund University (Sweden), April 4.<\/p>\n\n\n\n<p>Soriano, C. &amp; Ogarkova, A. (2012). &#8220;&#8221;Frustration&#8221; in Europe: Cultural specificity in the meaning of emotion cognates&#8221;. <em>35th International LAUD Symposium<\/em> (Cognitive Psycholinguistics: Bilingualism, Cognition and Communication). Landau (Germany), March 26-29.<\/p>\n\n\n\n<p>Ogarkova, A. &amp; Soriano, C. (2012). Conceptual metaphor in the study of emotion: method and applications. Workshop &#8220;Emotion and metaphor, ancient and modern: Interdisciplinary perspectives&#8221;. Geneva (Switzerland), March 14.<\/p>\n\n\n\n<p>2011<\/p>\n\n\n\n<p>* Sacharin, V., Soriano, C. &amp; Ferdenzi, C. (2011). &#8220;Linguistic approaches to measure emotion and subjective experience&#8221;. Workshop held at the<em> International Summer School in Affective Sciences<\/em> (ISSAS 2011). C\u00e9ligny, Switzerland, 25 Aug 2011.<\/p>\n\n\n\n<p>2010<\/p>\n\n\n\n<p>Soriano, C., Ogarkova, A, &amp; Lehr (C.) (2010). &#8220;Different ways of being angry. Intracategorial variation in the metaphorical conceptualization of emotion&#8221;. <em>VII International Conference of the Spanish Cognitive Lingusitics Association <\/em>(AELCO\/ SCOLA): &#8220;Figuring the World&#8221;. Almagro (Spain), September 30 &#8211; October 2.<\/p>\n\n\n\n<p>Soriano, C., &amp; Valenzuela, J. (2010). &#8220;Interdisciplinary approaches in the study of emotion concepts: Conceptual Metaphor Theory and the GRID approach&#8221;. <em>VII International Conference of the Spanish Cognitive Lingusitics Association (AELCO\/ SCOLA)<\/em>: &#8220;Figuring the World&#8221;. Almagro (Spain), September 30 &#8211; October 2.<\/p>\n\n\n\n<p>Soriano, C., Ogarkova, A. &amp; Lehr, C. (2010). &#8220;Types of anger and their metaphors. MPA in English, German, Spanish and Russian&#8221;. <em>RaAM 8<\/em>: &#8220;Metaphors and Domains of discourse&#8221;. Amsterdam (Netherlands), June 30 &#8211; July 3.<\/p>\n\n\n\n<p>Soriano, C. (2010). &#8220;Lectal variation in the conceptualization of anger in Spanish&#8221;. <em>34th LAUD Symposium<\/em>: &#8220;Cognitive Sociolinguistics&#8221;. Landau (Germany), March 15-18.<\/p>\n\n\n\n<p>2009<\/p>\n\n\n\n<p>Soriano, C. &amp; Ogarkova, A. (2009). &#8220;Linguistic approaches to the meaning of emotion terms:<br>Relationships to the GRID componential approach&#8221;. Symposium &#8220;Language and Emotion: Cross-Cultural Approaches to Emotion Words&#8221;, <em>Conference of the International Society for the Research on Emotion<\/em> (ISRE). &nbsp;Leuven (Belgium), August 6-8.<\/p>\n\n\n\n<p>Ogarkova, A., Soriano, C. &amp; Lehr, C. (2009). &#8220;Cultural differences in labeling conflict emotions&#8221;. <em>International conference of the International Society for Language Studies<\/em> (ISLS).<br>Orlando (Florida, USA), June 11-13.<\/p>\n\n\n\n<p>Ogarkova, A., Soriano, C. &amp; Lehr, C. (2009). &#8220;The mapping method in establishing (translation) equivalence: A case study of conflict emotions in 5 European languages&#8221;. Workshop &#8220;Emotions in Translation: Lost or Found?&#8221;. Centre Interfacultaire en Sciences Affectives (CISA), Universit\u00e9 de Gen\u00e9ve (Switzerland), May, 6.<\/p>\n\n\n\n<p>Valenzuela, J. &amp; Soriano, C. (2009). &#8220;\u00bfImporta el tama\u00f1o? Sobre la relaci\u00f3n metaf\u00f3rica entre el dominio subjetivo de la importancia y el dominio f\u00edsico del tama\u00f1o&#8221;. <em>IX Simposio de Psicoling\u00fc\u00edstica<\/em>. University of Santiago (Spain), April 23-25.<\/p>\n\n\n\n<p>2008<\/p>\n\n\n\n<p>Valenzuela, J. &amp; Soriano, C. (2008). \u201cIs &#8220;friendship&#8221; more important than &#8220;money&#8221;? A psycholinguistic exploration of the IMPORTANT IS BIG primary metaphor. \u201d. <em>VI International Conference of the Spanish Cognitive Lingusitics Association<\/em> (AELCO\/SCOLA). University of Castell\u00f3n, Spain), October, 22\u201324.<br><br>Soriano, C. &amp; Valenzuela, V. (2008). \u201cLooking at emotion metaphors with experimental methods\u201d. Interdisciplinary Workshop &#8220;Metaphor and Emotion: Theory, Practice and Experiment&#8221;. Centre Interfacultaire en Sciences Affectives (CISA), Universit\u00e9 de Gen\u00e9ve (Switzerland), September, 18-19.<br><br>Valenzuela, J. &amp; Soriano, C. (2008). \u201cSensorial perception as a source domain: A cross-linguistic study\u201d. <em>VII International Conference on Researching and Applying Metaphor<\/em> (RaAM 7), University of Extremadura, C\u00e1ceres (Spain), May 29-31.<br><br>2007<\/p>\n\n\n\n<p>Valenzuela, J. &amp; Soriano, C. (2007). \u201cAre conceptual metaphors accessible online? A psycholinguistic exploration of the CONTROL IS UP metaphor\u201d. <em>X International Cognitive Lingusitics Conference<\/em> (ICLC 2007). Krakow (Poland) July 15-20.<br><br>2006<\/p>\n\n\n\n<p>Soriano, C. &amp; Valenzuela, J. (2006). \u201cIs CONTROL really UP? An experimental investigation\u201d. <em>V International Conference of the Spanish Cognitive Lingusitics Association<\/em> (AELCO\/SCOLA). Murcia (Spain) October 19-21.<br><br>Kein\u00e4nen, Nely &amp; Soriano, C (2006). Seminar &#8220;Emotion, Language and Literature&#8221;, August 29. <em>VIII Conference of the European Society for the Study of English<\/em> (ESSE-8). London (UK) 2006. 29 August &#8211; 2 September.<br><br>* Soriano, C. (2006). \u201c\u2018On a short fuse\u2019. The metaphorical conceptualization of anger across cultures\u201d. Invited talk at the XI Curso de Lengua Extranjera, Sociedad y Cultura. Murcia (Spain), March, 16.<br><br>2005<\/p>\n\n\n\n<p>Soriano, C. (2005). \u201c\u2018You are swelling me\u2019. Linguistic and psycholinguistic approaches to the study of anger in Spanish and English\u201d.<em> 6th Researching and Applying Metaphor Conference<\/em> (RaAM6). Leeds (UK), April 10\u201312.<br><br>Soriano, C. (2005). \u201cReplicability, representativeness and generalizability in metaphor studies\u201d.&nbsp; <em>New Directions in Cognitive Lingusitics Conference<\/em> (NDCG). Brighton (UK), October 23-25.<br><br>2004<\/p>\n\n\n\n<p>Soriano, C. &amp; Valenzuela, J. (2004). \u201cA picture-word priming task as a test for the existence of conceptual metaphor\u201d. <em>IV International Conference of the Spanish Cognitive Lingusitics Association<\/em> (AELCO\/ SCOLA). Zaragoza (Spain), May 13-15.<br><br>2003<\/p>\n\n\n\n<p>Soriano, C. (2003). \u201cConceptual metaphors and metonymies of anger in Spanish and English\u201d. <em>VIII International Cognitive Linguistics Conference<\/em> (ICLC 2003). Logro\u00f1o (Spain), July 20-25.<br><br>Soriano, C. (2003). \u201cEmpirical methods in cognitive metaphor research\u201d. <em>I Empirical Methods in Cognitive Linguistics Workshop<\/em> at Cornell University, Ithaca (USA), May 2-4<br><br>2002<\/p>\n\n\n\n<p>Soriano, C. &amp; Cantos, P. (2002). \u201cUna aproximaci\u00f3n estad\u00edstica al dominio de la ira\u201d. <em>III International Conference of the Spanish Cognitive Linguistics Association<\/em> (AELCO\/ SCOLA). University of Valencia, Valencia (Spain), May 12-15<br><br>Soriano, C. (2002). \u201cThe \u201cHEAT\u201d metaphor in the expression of anger in English and Spanish\u201d. Mind, Language and Metaphor. <em>EuroConference on Consciousness and the Imagination<\/em>. Kerkrade (The Netherlands), April 20-24.<br><br>Soriano, C. (2002). \u201cMet\u00e1foras y metonimias cognitivas en la conceptualizaci\u00f3n de la ira. Estudio contrastivo ingl\u00e9s-espa\u00f1ol\u201d. <em>XVII International Young Linguists Association Conference<\/em>. University of Alicante, Alicante (Spain), April 18-20.&nbsp;<\/p>\n","protected":false},"excerpt":{"rendered":"<p>* Invited 2025 * Soriano, C. (2025). Anger: A language-based perspective. Invited Talk. Workshop &#8220;Dies Irae&#8220;. Universit\u00e9 de Gen\u00e8ve (Switzerland), May 15. 2024 * Soriano, C. (2024). What can emotion words tell us about affective experience across cultures? Invited lecture. The 8th International Conference on Interdisciplinarity in Translation and Interpreting. Shanghai International Studies University (SISU). &hellip; <\/p>\n<p class=\"link-more\"><a href=\"https:\/\/cristina-soriano.com\/index.php\/presentations\/\" class=\"more-link\">Continue reading<span class=\"screen-reader-text\"> &#8220;Talks&#8221;<\/span><\/a><\/p>\n","protected":false},"author":2,"featured_media":0,"parent":0,"menu_order":0,"comment_status":"closed","ping_status":"closed","template":"","meta":{"_themeisle_gutenberg_block_has_review":false,"footnotes":""},"class_list":["post-69","page","type-page","status-publish","hentry"],"_links":{"self":[{"href":"https:\/\/cristina-soriano.com\/index.php\/wp-json\/wp\/v2\/pages\/69","targetHints":{"allow":["GET"]}}],"collection":[{"href":"https:\/\/cristina-soriano.com\/index.php\/wp-json\/wp\/v2\/pages"}],"about":[{"href":"https:\/\/cristina-soriano.com\/index.php\/wp-json\/wp\/v2\/types\/page"}],"author":[{"embeddable":true,"href":"https:\/\/cristina-soriano.com\/index.php\/wp-json\/wp\/v2\/users\/2"}],"replies":[{"embeddable":true,"href":"https:\/\/cristina-soriano.com\/index.php\/wp-json\/wp\/v2\/comments?post=69"}],"version-history":[{"count":6,"href":"https:\/\/cristina-soriano.com\/index.php\/wp-json\/wp\/v2\/pages\/69\/revisions"}],"predecessor-version":[{"id":250,"href":"https:\/\/cristina-soriano.com\/index.php\/wp-json\/wp\/v2\/pages\/69\/revisions\/250"}],"wp:attachment":[{"href":"https:\/\/cristina-soriano.com\/index.php\/wp-json\/wp\/v2\/media?parent=69"}],"curies":[{"name":"wp","href":"https:\/\/api.w.org\/{rel}","templated":true}]}}